
{"id":3341,"date":"2022-04-19T17:08:06","date_gmt":"2022-04-19T07:08:06","guid":{"rendered":"https:\/\/crampeze.ca\/pourquoi-utiliser-crampeze-pour-arreter-les-crampes-aux-jambes\/"},"modified":"2025-07-07T11:47:06","modified_gmt":"2025-07-07T01:47:06","slug":"pourquoi-utiliser-crampeze-pour-arreter-les-crampes-aux-jambes","status":"publish","type":"page","link":"https:\/\/crampeze.ca\/fr-ca\/pourquoi-crampeze\/","title":{"rendered":"Pourquoi utiliser Crampeze pour arr\u00eater les crampes aux jambes"},"content":{"rendered":"\n<h2 class=\"wp-block-heading\">Au lieu d\u2019un suppl\u00e9ment de magn\u00e9sium seulement<\/h2>\n\n<p>Crampeze contient une combinaison unique d\u2019ingr\u00e9dients et constitue un produit multi-combinaison efficace par rapport au magn\u00e9sium seul pour soulager les crampes.<\/p>\n\n<p>Tous les produits Crampeze sont formul\u00e9s avec:<\/p>\n\n<p><strong>Du magn\u00e9sium qui est impliqu\u00e9 dans le m\u00e9tabolisme des glucides et des lipides et environ 300 r\u00e9actions enzymatiques dans le corps.<\/strong> Le magn\u00e9sium contribue \u00e0 la production d\u2019\u00e9nergie et est n\u00e9cessaire au bon fonctionnement des muscles et des nerfs. Le magn\u00e9sium contribue \u00e0 maintenir un fonctionnement normal et sain du syst\u00e8me nerveux et peut aider \u00e0 soulager les crampes et les spasmes musculaires.<\/p>\n\n<p><strong>L\u2019\u00e9corce de Viburnum opulus qui est traditionnellement utilis\u00e9e en phytoth\u00e9rapie occidentale pour soulager les crampes musculaires et les spasmes et contractions musculaires l\u00e9g\u00e8res.<\/strong><\/p>\n\n<p>Crampeze peut \u00eatre pris tous les jours et s\u2019int\u00e8gre facilement dans votre routine.<\/p>\n\n<p>Vivez votre vie sans crampes \u00e0 partir d\u2019aujourd\u2019hui.<\/p>\n\n<section class=\"wp-block-mmd-media-content-block content-img-block mmd-block light-green full-width has-img type-image\"><div class=\"container\"><div class=\"row inner-block\"><div class=\"col-12 col-lg-8 content\"><h2 class=\"title\">Key ingredients and their benefits:<\/h2><div class=\"description\"><strong>Crampeze<\/strong><\/div><div class=\"description\">\n<ul class=\"wp-block-list\">\n<li>Viburnum opulus (\u00e9corce de Viburnum opulus), traditionnellement utilis\u00e9 dans la phytoth\u00e9rapie occidentale pour soulager les crampes musculaires et les spasmes et contractions musculaires l\u00e9g\u00e8res.<\/li>\n\n\n\n<li>Viburnum opulus (\u00e9corce de Viburnum opulus), traditionnellement utilis\u00e9 dans la phytoth\u00e9rapie occidentale comme antispasmodique et pour maintenir la sant\u00e9 et le bien-\u00eatre g\u00e9n\u00e9ral.<\/li>\n\n\n\n<li>Magn\u00e9sium pour favoriser la production d\u2019\u00e9nergie et maintenir la fonction musculaire.<\/li>\n\n\n\n<li>Ginkgo biloba qui agit comme un antioxydant, en r\u00e9duisant les radicaux libres form\u00e9s dans l\u2019organisme.<\/li>\n\n\n\n<li>Ginkgo biloba pour favoriser la circulation sanguine dans les zones p\u00e9riph\u00e9riques du corps (jambes, mains et pieds)<\/li>\n<\/ul>\n<\/div><a class=\"btn-custom right outline\" target=\"_self\" rel=\"noopener\" href=\"https:\/\/crampeze.ca\/product\/crampeze\/\"> View more <\/a><\/div><div class=\"col-12 col-lg-4 media\"><div class=\"img\"><img decoding=\"async\" src=\"https:\/\/crampeze.ca\/wp-content\/uploads\/2022\/08\/CAN-Crampeze_LegSpasm_60_526x471_3.png\" alt=\"content image\" width=\"526\" height=\"471\" loading=\"lazy\"\/><\/div><\/div><\/div><\/div><\/section>\n\n<p><\/p>\n","protected":false},"excerpt":{"rendered":"<p>Au lieu d\u2019un suppl\u00e9ment de magn\u00e9sium seulement Crampeze contient une combinaison unique d\u2019ingr\u00e9dients et constitue un produit multi-combinaison efficace par rapport au magn\u00e9sium seul pour soulager les crampes. Tous les produits Crampeze sont formul\u00e9s avec: Du magn\u00e9sium qui est impliqu\u00e9 dans le m\u00e9tabolisme des glucides et des lipides et environ 300 r\u00e9actions enzymatiques dans le &#8230; <a title=\"Pourquoi utiliser Crampeze pour arr\u00eater les crampes aux jambes\" class=\"read-more\" href=\"https:\/\/crampeze.ca\/fr-ca\/pourquoi-crampeze\/\" aria-label=\"Read more about Pourquoi utiliser Crampeze pour arr\u00eater les crampes aux jambes\">Read more<\/a><\/p>\n","protected":false},"author":1,"featured_media":0,"parent":0,"menu_order":8,"comment_status":"closed","ping_status":"closed","template":"","meta":{"_acf_changed":false,"_seopress_robots_primary_cat":"","_seopress_titles_title":"Comment stopper les crampes | Crampeze","_seopress_titles_desc":"D\u00e9couvrez comment stopper les crampes avec la formule multi-action de Crampeze \u2013 id\u00e9ale pour la nuit, le sport ou les voyages.","_seopress_robots_index":"","footnotes":""},"class_list":["post-3341","page","type-page","status-publish"],"acf":[],"_links":{"self":[{"href":"https:\/\/crampeze.ca\/fr-ca\/wp-json\/wp\/v2\/pages\/3341","targetHints":{"allow":["GET"]}}],"collection":[{"href":"https:\/\/crampeze.ca\/fr-ca\/wp-json\/wp\/v2\/pages"}],"about":[{"href":"https:\/\/crampeze.ca\/fr-ca\/wp-json\/wp\/v2\/types\/page"}],"author":[{"embeddable":true,"href":"https:\/\/crampeze.ca\/fr-ca\/wp-json\/wp\/v2\/users\/1"}],"replies":[{"embeddable":true,"href":"https:\/\/crampeze.ca\/fr-ca\/wp-json\/wp\/v2\/comments?post=3341"}],"version-history":[{"count":13,"href":"https:\/\/crampeze.ca\/fr-ca\/wp-json\/wp\/v2\/pages\/3341\/revisions"}],"predecessor-version":[{"id":11000,"href":"https:\/\/crampeze.ca\/fr-ca\/wp-json\/wp\/v2\/pages\/3341\/revisions\/11000"}],"wp:attachment":[{"href":"https:\/\/crampeze.ca\/fr-ca\/wp-json\/wp\/v2\/media?parent=3341"}],"curies":[{"name":"wp","href":"https:\/\/api.w.org\/{rel}","templated":true}]}}