
{"id":3316,"date":"2022-01-06T03:17:19","date_gmt":"2022-01-05T16:17:19","guid":{"rendered":"https:\/\/crampeze.ca\/page-daccueil\/"},"modified":"2025-07-07T11:52:20","modified_gmt":"2025-07-07T01:52:20","slug":"page-daccueil","status":"publish","type":"page","link":"https:\/\/crampeze.ca\/fr-ca\/","title":{"rendered":"Page d\u2019accueil"},"content":{"rendered":"\n<section class=\"wp-block-mmd-home-carousel-block home-carousel-block full-width\"><div class=\"home-carousel-block-inner\"><div class=\"js-wrap-carousel\">\n<div class=\"wp-block-mmd-home-carousel-item home-carousel-item layout-large home-carousel-element content-img-block mmd-block\"><div class=\"home-carousel-item__inner m-card-click bg-graphics-blue layout-text-left\"><div class=\"container\"><div class=\"row home-carousel-item__row flex-lg-row\"><div class=\"home-carousel-item__info col-lg-6\"><h2 class=\"title\">Une solution \u00e0 combinaison multiple efficace pour soulegar les crampes par rapport au magn\u00e9sium seul.<\/h2><div class=\"description\">Magn\u00e9sium + Antispasmodique (Viorne obier)<\/div><a class=\"btn-custom m-card__link full\" target=\"_self\" rel=\"noopener\" href=\"https:\/\/crampeze.ca\/fr-ca\/pourquoi-utiliser-crampeze-pour-arreter-les-crampes-aux-jambes\/\"> Voir plus <\/a><\/div><div class=\"home-carousel-item__media col-lg-6\"><div class=\"home-carousel-item__image img\"><img decoding=\"async\" src=\"https:\/\/crampeze.ca\/wp-content\/uploads\/2024\/11\/CAN-CRAMPPEZE-WEB-BANNER-NOV-20235-1.jpg\" alt=\"CAN-CRAMPPEZE-WEB-BANNER-NOV-20235-1\" width=\"800\" height=\"523\" srcset=\"https:\/\/crampeze.ca\/wp-content\/uploads\/2024\/11\/CAN-CRAMPPEZE-WEB-BANNER-NOV-20235-1-592x387.jpg 592w, https:\/\/crampeze.ca\/wp-content\/uploads\/2024\/11\/CAN-CRAMPPEZE-WEB-BANNER-NOV-20235-1-415x216.jpg 415w, https:\/\/crampeze.ca\/wp-content\/uploads\/2024\/11\/CAN-CRAMPPEZE-WEB-BANNER-NOV-20235-1.jpg 800w\" sizes=\"auto, (min-width: 1280px) 800px, (min-width: 992px) 520px, (min-width: 576px) 415px, 100vw\" class=\"img-cover\" loading=\"lazy\"\/><\/div><\/div><\/div><\/div><\/div><\/div>\n\n\n\n<div class=\"wp-block-mmd-home-carousel-item home-carousel-item layout-large home-carousel-element content-img-block mmd-block\"><div class=\"home-carousel-item__inner m-card-click bg-graphics-blue layout-text-left\"><div class=\"container\"><div class=\"row home-carousel-item__row flex-lg-row\"><div class=\"home-carousel-item__info col-lg-6\"><h2 class=\"title\">Actuellement disponible en ligne uniquement chez Amazon.ca.<\/h2><div class=\"description\"><\/div><a class=\"btn-custom m-card__link full\" target=\"_self\" rel=\"noopener\" href=\"https:\/\/www.amazon.ca\/Crampeze-Capsules-Cramps-Muscle-Formulated\/dp\/B09VJMVWQF\/ref=cm_cr_arp_d_product_top?ie=UTF8\"> Acheter maintenant <\/a><\/div><div class=\"home-carousel-item__media col-lg-6\"><div class=\"home-carousel-item__image img\"><img decoding=\"async\" src=\"https:\/\/crampeze.ca\/wp-content\/uploads\/2023\/11\/CAN-CRAMPPEZE-WEB-BANNER-NOV-20232.jpg\" alt=\"\" width=\"800\" height=\"523\" srcset=\"https:\/\/crampeze.ca\/wp-content\/uploads\/2023\/11\/CAN-CRAMPPEZE-WEB-BANNER-NOV-20232-592x387.jpg 592w, https:\/\/crampeze.ca\/wp-content\/uploads\/2023\/11\/CAN-CRAMPPEZE-WEB-BANNER-NOV-20232.jpg 800w\" sizes=\"auto, (min-width: 1280px) 800px, (min-width: 992px) 520px, 100vw\" class=\"img-cover\" loading=\"lazy\"\/><\/div><\/div><\/div><\/div><\/div><\/div>\n\n\n\n<div class=\"wp-block-mmd-home-carousel-item home-carousel-item layout-large home-carousel-element content-img-block mmd-block\"><div class=\"home-carousel-item__inner m-card-click bg-graphics-blue layout-text-left\"><div class=\"container\"><div class=\"row home-carousel-item__row flex-lg-row\"><div class=\"home-carousel-item__info col-lg-6\"><h2 class=\"title\">Consumer Testimonial<\/h2><div class=\"description\">\u201cLes capsules Crampeze sont faciles \u00e0 prendre et je suis satisfait de leur action&#8230; pas de crampes ni de spasmes dans les jambes pendant la nuit.\u201d Rapunxel, Canada<\/div><a class=\"btn-custom m-card__link full\" target=\"_self\" rel=\"noopener\" href=\"https:\/\/crampeze.ca\/fr-ca\/product\/crampeze\/\"> Voir plus <\/a><\/div><div class=\"home-carousel-item__media col-lg-6\"><div class=\"home-carousel-item__image img\"><img decoding=\"async\" src=\"https:\/\/crampeze.ca\/wp-content\/uploads\/2023\/11\/CRAMPEZE-WEB-BANNER-NOV-20232.jpg\" alt=\"\" width=\"800\" height=\"523\" srcset=\"https:\/\/crampeze.ca\/wp-content\/uploads\/2023\/11\/CRAMPEZE-WEB-BANNER-NOV-20232-592x387.jpg 592w, https:\/\/crampeze.ca\/wp-content\/uploads\/2023\/11\/CRAMPEZE-WEB-BANNER-NOV-20232.jpg 800w\" sizes=\"auto, (min-width: 1280px) 800px, (min-width: 992px) 520px, 100vw\" class=\"img-cover\" loading=\"lazy\"\/><\/div><\/div><\/div><\/div><\/div><\/div>\n\n\n\n<div class=\"wp-block-mmd-home-carousel-item home-carousel-item layout-large home-carousel-element content-img-block mmd-block\"><div class=\"home-carousel-item__inner m-card-click bg-graphics-blue layout-text-left\"><div class=\"container\"><div class=\"row home-carousel-item__row flex-lg-row\"><div class=\"home-carousel-item__info col-lg-6\"><h2 class=\"title\">Crampeze fournit un suppl\u00e9ment de magn\u00e9sium<\/h2><div class=\"description\">Contient de la viorne obier (Viburnum opulus) traditionnellement utilis\u00e9e en phytoth\u00e9rapie occidentale pour aider \u00e0 soulager : les crampes nocturnes, les spasmes musculaires l\u00e9gers et les contractions musculaires.<\/div><a class=\"btn-custom m-card__link full\" target=\"_self\" rel=\"noopener\" href=\"https:\/\/crampeze.ca\/fr-ca\/product\/crampeze\/\"> Lire la suite <\/a><\/div><div class=\"home-carousel-item__media col-lg-6\"><div class=\"home-carousel-item__image img\"><img decoding=\"async\" src=\"https:\/\/crampeze.ca\/wp-content\/uploads\/2023\/11\/CAN-CRAMPPEZE-WEB-BANNER-NOV-20233.jpg\" alt=\"\" width=\"800\" height=\"523\" srcset=\"https:\/\/crampeze.ca\/wp-content\/uploads\/2023\/11\/CAN-CRAMPPEZE-WEB-BANNER-NOV-20233-592x387.jpg 592w, https:\/\/crampeze.ca\/wp-content\/uploads\/2023\/11\/CAN-CRAMPPEZE-WEB-BANNER-NOV-20233.jpg 800w\" sizes=\"auto, (min-width: 1280px) 800px, (min-width: 992px) 520px, 100vw\" class=\"img-cover\" loading=\"lazy\"\/><\/div><\/div><\/div><\/div><\/div><\/div>\n<\/div><div class=\"slick-arrows\"><button class=\"slick-arrow-custom slick-prev-custom\" aria-label=\"Slide Previous\"><svg width=\"24\" height=\"24\" viewBox=\"0 0 24 24\" fill=\"none\" xmlns=\"http:\/\/www.w3.org\/2000\/svg\"><g clip-path=\"url(#clip0_6127_13221)\"><path d=\"M15.5234 20.4844L7.67544 11.9978L15.5234 3.51601\" stroke=\"#008845\" stroke-width=\"3\" stroke-linejoin=\"round\"><\/path><\/g><defs><clipPath id=\"clip0_6127_13221\"><rect width=\"20\" height=\"11\" fill=\"white\" transform=\"matrix(0 -1 -1 0 17 22)\"><\/rect><\/clipPath><\/defs><\/svg><\/button><button class=\"slick-arrow-custom slick-next-custom\" aria-label=\"Slide next\"><svg width=\"24\" height=\"24\" viewBox=\"0 0 24 24\" fill=\"none\" xmlns=\"http:\/\/www.w3.org\/2000\/svg\"><g clip-path=\"url(#clip0_6127_13230)\"><path d=\"M8.47656 20.4844L16.3246 11.9978L8.47656 3.51601\" stroke=\"#008845\" stroke-width=\"3\" stroke-linejoin=\"round\"><\/path><\/g><defs><clipPath id=\"clip0_6127_13230\"><rect width=\"20\" height=\"11\" fill=\"white\" transform=\"matrix(0 -1 1 0 7 22)\"><\/rect><\/clipPath><\/defs><\/svg><\/button><\/div><div class=\"loading-site\"><div class=\"loading-site-inner\"><span class=\"screen-reader-text\">Loading carousel<\/span><div class=\"loading-icon\"><div><\/div><\/div><\/div><\/div><\/div><\/section>\n\n\n<section class='discover-block mmd-block discover-block-ca'>\n    <h2 class='title'>Produits<\/h2>\n    <div class='description'><\/div>\n    <div class='hero-product'><div class='mmd-col-custom mmd-item-grid'>\n              <div class='media-grid'>\n                  <a href='https:\/\/crampeze.ca\/fr-ca\/product\/crampeze\/' aria-label='Link to more details about Crampeze'><img src='https:\/\/crampeze.ca\/wp-content\/uploads\/2022\/08\/CAN-Crampeze_LegSpasm_60_526x471_3.png' alt='Featured image of Crampeze' width='526' height='471' srcset='https:\/\/crampeze.ca\/wp-content\/uploads\/2022\/08\/CAN-Crampeze_LegSpasm_60_526x471_3-100x100.png 100w, https:\/\/crampeze.ca\/wp-content\/uploads\/2022\/08\/CAN-Crampeze_LegSpasm_60_526x471_3.png 526w' sizes=\"auto, (min-width: 768px) 374px, 71px\" loading='lazy'><\/a>\n              <\/div>\n              <div class='content-grid'>\n                  <a href='https:\/\/crampeze.ca\/fr-ca\/product\/crampeze\/' aria-label='Link to more details about Crampeze'><h3 class='title-item'>Crampeze<\/h3><\/a>\n                  <div class='mmd-rating'><div class=\"woocommerce\"><div class=\"stars-number\"><div class=\"product-rating\"><div class=\"star-rating\"><span style=\"width:80%\"><strong itemprop=\"ratingValue\" class=\"rating\">4<\/strong> out of 5<\/span><\/div><\/div><span class=\"numbers\">(177)<\/span><\/div><\/div><\/div>\n                  <div class='description'><p>Crampeze est un produit \u00e0 combinaisons multiples, efficace contre les crampes, en comparaison au magn\u00e9sium seul.<\/p>\n<ul>\n<li>Il contient de <a href=\"https:\/\/crampeze.ca\/fr-ca\/article\/le-viorne-obier-un-ingredient-miracle-contre-les-jambes-dans-les-jambes-les-commentaires-dun-expert\/\">la viorne obier<\/a>, traditionnellement utilis\u00e9e en phytoth\u00e9rapie occidentale comme antispasmodique et pour soulager les crampes musculaires.<\/li>\n<li>Il contient du ginkgo pour favoriser la circulation sanguine vers les zones p\u00e9riph\u00e9riques du corps (jambes, mains et pieds).<\/li>\n<li>Il contient du magn\u00e9sium pour une suppl\u00e9mentation en magn\u00e9sium.<\/li>\n<\/ul>\n<\/div>\n                  <div class='mmd-block '>\n                    <a class='btn-custom full' href='https:\/\/crampeze.ca\/fr-ca\/product\/crampeze\/'>Voir Plus<\/a>\n                    \n                  <\/div>\n              <\/div>\n          <\/div><\/div>\n    \n  <\/section>\n\n\n<section class=\"wp-block-mmd-card-grid-block icon grid-block mmd-block full-width column-3 card-item-center white  card-grid-block-custom\" style=\"background-image:url(https:\/\/crampeze.ca\/wp-content\/uploads\/2024\/12\/faint-green-background-image.jpg)\"><div class=\"container\"><div class=\"row\">\n<div class=\"wp-block-mmd-card mmd-col-custom mmd-item-grid\"><a href=\"https:\/\/crampeze.ca\/fr-ca\/apprenez-ce-qui-cause-les-crampes-aux-jambes\/\" target=\"_blank\" rel=\"noopener\" aria-label=\"Link to more details about D\u00e9couvrez les causes des crampes aux jambes\"><div class=\"content-grid\"><h3 class=\"title-item\">D\u00e9couvrez les causes des crampes aux jambes<\/h3><div class=\"text-center\"><span class=\"btn-detail\">Lire la suite<\/span><\/div><\/div><\/a><\/div>\n\n\n\n<div class=\"wp-block-mmd-card mmd-col-custom mmd-item-grid\"><a href=\"https:\/\/crampeze.ca\/fr-ca\/pourquoi-utiliser-crampeze-pour-arreter-les-crampes-aux-jambes\/\" target=\"_blank\" rel=\"noopener\" aria-label=\"Link to more details about Pourquoi utiliser Crampeze pour arr\u00eater les crampes aux jambes\"><div class=\"content-grid\"><h3 class=\"title-item\">Pourquoi utiliser Crampeze pour arr\u00eater les crampes aux jambes<\/h3><div class=\"desc-item\"> <\/div><div class=\"text-center\"><span class=\"btn-detail\">Lire la suite<\/span><\/div><\/div><\/a><\/div>\n\n\n\n<div class=\"wp-block-mmd-card mmd-col-custom mmd-item-grid\"><a href=\"https:\/\/crampeze.ca\/fr-ca\/foire-aux-questions\/\" target=\"_self\" rel=\"noopener\" aria-label=\"Link to more details about Foire aux questions\"><div class=\"content-grid\"><h3 class=\"title-item\">Foire aux questions<\/h3><div class=\"text-center\"><span class=\"btn-detail\">Lire la suite<\/span><\/div><\/div><\/a><\/div>\n<\/div><\/div><\/section>\n\n\n\n<section class=\"wp-block-mmd-media-content-block content-img-block mmd-block white full-width has-img type-image\"><div class=\"container\"><div class=\"row inner-block\"><div class=\"col-12 col-lg-6 content\"><h2 class=\"title\">Pourquoi choisir Crampeze plut\u00f4t qu\u2019un suppl\u00e9ment de magn\u00e9sium?<\/h2><div class=\"description\"><\/div><div class=\"description\">\n<p>Crampeze contient une combinaison unique d\u2019ingr\u00e9dients et constitue un produit multi-combinaison efficace par rapport au magn\u00e9sium seul pour soulager les crampes.<\/p>\n\n\n\n<p>Tous les produits Crampeze sont formul\u00e9s avec:<\/p>\n\n\n\n<p><strong>Du magn\u00e9sium qui est impliqu\u00e9 dans le m\u00e9tabolisme des glucides et des lipides et environ 300 r\u00e9actions enzymatiques dans le corps.<\/strong> Le magn\u00e9sium contribue \u00e0 la production d\u2019\u00e9nergie et est n\u00e9cessaire au bon fonctionnement des muscles et des nerfs. Le magn\u00e9sium contribue \u00e0 maintenir un fonctionnement normal et sain du syst\u00e8me nerveux et peut aider \u00e0 soulager les crampes et les spasmes musculaires.<\/p>\n\n\n\n<p><strong>L\u2019\u00e9corce de Viburnum opulus qui est traditionnellement utilis\u00e9e en phytoth\u00e9rapie occidentale pour soulager les crampes musculaires et les spasmes et contractions musculaires l\u00e9g\u00e8res.<\/strong><\/p>\n\n\n\n<p>Crampeze peut \u00eatre pris tous les jours et s\u2019int\u00e8gre facilement dans votre routine.<\/p>\n\n\n\n<p><strong>Vivez votre vie sans crampes \u00e0 partir d\u2019aujourd\u2019hui.<\/strong><\/p>\n<\/div><\/div><div class=\"col-12 col-lg-6 media\"><div class=\"img\"><img decoding=\"async\" src=\"https:\/\/crampeze.ca\/wp-content\/uploads\/2022\/04\/media-content.png\" alt=\"content image\" width=\"634\" height=\"445\" loading=\"lazy\"\/><\/div><\/div><\/div><\/div><\/section>\n\n\n\n<section class=\"wp-block-mmd-our-review-block our-reviews-block light-green full-width light-blue\"><div class=\"container\"><div class=\"inner-block inner-block-review\"><div class=\"row\"><div class=\"col-md-3\"><div class=\"our-review-infor\"><h2 class=\"title\">Nos avis<\/h2><a class=\"media pe-2\" href=\"https:\/\/www.amazon.ca\/Crampeze-Capsules-Cramps-Muscle-Formulated\/dp\/B09VJMVWQF?ref_=ast_sto_dp\/#reviewsMedley\" target=\"_blank\" rel=\"noopener\" aria-label=\"Link to more details about the review\"><img decoding=\"async\" src=\"https:\/\/crampeze.ca\/wp-content\/uploads\/2022\/11\/amazon_ca.png\" alt=\"logo of the brand leaving this review\" width=\"200\" height=\"120\" loading=\"lazy\"\/><\/a><\/div><\/div><div class=\"col-md-9\"><div id=\"our-review-slider\" class=\"our-review-slider\">\n\n<div class=\"wp-block-column our-review-item is-layout-flow wp-block-column-is-layout-flow\">\n<p class=\"our-review-content\">J\u2019ai commenc\u00e9 \u00e0 avoir de tr\u00e8s mauvaises crampes aux pieds et aux mollets des deux jambes. Je n\u2019avais jamais connu une telle intensit\u00e9. J\u2019ai fait une recherche sur les crampes et c\u2019est l\u00e0 que je suis tomb\u00e9e sur Crampeze, j\u2019ai v\u00e9rifi\u00e9 s\u2019il \u00e9tait possible de les acheter en Nouvelle-Z\u00e9lande et j\u2019ai d\u00e9couvert que je pouvais les acheter \u00e0 Chemist Warehouse. Je n\u2019ai pas regard\u00e9 en arri\u00e8re depuis que j\u2019ai commenc\u00e9 \u00e0 les prendre, je suis contente de les avoir trouv\u00e9s.<\/p>\n\n\n\n<h2 class=\"wp-block-heading our-review-title\"><strong>Julie Daniels \u2013 Nouvelle-Z\u00e9lande<\/strong><\/h2>\n<\/div>\n\n\n\n\n\n<div class=\"wp-block-column our-review-item is-layout-flow wp-block-column-is-layout-flow\">\n<p class=\"our-review-content\">\u00c7a a march\u00e9, plus de crampes la nuit. Je n\u2019ai plus eu de crampes aux jambes. C\u2019est g\u00e9nial<\/p>\n\n\n\n<h2 class=\"wp-block-heading our-review-title\"><strong>Cory O., Canada<\/strong><\/h2>\n<\/div>\n\n\n\n\n\n<div class=\"wp-block-column our-review-item is-layout-flow wp-block-column-is-layout-flow\">\n\n<div class=\"wp-block-column our-review-item is-layout-flow wp-block-column-is-layout-flow\">\n<p class=\"our-review-content\">Fonctionne extr\u00eamement bien en conjonction avec le parac\u00e9tamol pour les maux de t\u00eate dus \u00e0 la tension. En 30 minutes, j\u2019ai remarqu\u00e9 qu\u2019il m\u2019aidait \u00e0 me d\u00e9tendre avant de me coucher et \u00e0 \u00eatre moins agit\u00e9 pendant la nuit, car je souffre de troubles du sommeil.<\/p>\n\n\n\n<h2 class=\"wp-block-heading our-review-title\"><strong>Rachel Renolds, Australie<\/strong><\/h2>\n<\/div>\n\n<\/div>\n\n<\/div><\/div><\/div><\/div><\/div><\/section>\n\n\n\n<section class=\"wp-block-mmd-card-grid-block icon grid-block mmd-block full-width column-4 card-item-center white  frequently-ask-question-block\" style=\"background-image:none\"><div class=\"container\"><h2 class=\"title\">Foire aux questions<\/h2><div class=\"description\"><\/div><div class=\"row\">\n<div class=\"wp-block-mmd-card mmd-col-custom mmd-item-grid\"><div class=\"media-grid\"><img decoding=\"async\" src=\"https:\/\/crampeze.ca\/wp-content\/uploads\/2022\/05\/Crampeze_Web-Icons_-02.png\" alt=\"card image or icon\" width=\"171\" height=\"155\"\/><\/div><div class=\"content-grid\"><h3 class=\"title-item\">JE PRENDS D\u2019AUTRES M\u00c9DICAMENTS, PUIS-JE CONSOMMER CRAMPEZE EN TOUTE S\u00c9CURIT\u00c9?<\/h3><div class=\"desc-item\">Nous vous recommandons de consulter votre professionnel de la sant\u00e9 avant utilisation.<\/div><\/div><\/div>\n\n\n\n<div class=\"wp-block-mmd-card mmd-col-custom mmd-item-grid\"><div class=\"media-grid\"><img decoding=\"async\" src=\"https:\/\/crampeze.ca\/wp-content\/uploads\/2022\/05\/Crampeze_Web-Icons_-03.png\" alt=\"card image or icon\" width=\"171\" height=\"155\"\/><\/div><div class=\"content-grid\"><h3 class=\"title-item\">CRAMPEZE CONTIENT-IL DES INGR\u00c9DIENTS \u00c0 BASE DE GLUTEN?<\/h3><div class=\"desc-item\">Crampeze ne contient pas de gluten dans ses ingr\u00e9dients.<\/div><\/div><\/div>\n\n\n\n<div class=\"wp-block-mmd-card mmd-col-custom mmd-item-grid\"><div class=\"media-grid\"><img decoding=\"async\" src=\"https:\/\/crampeze.ca\/wp-content\/uploads\/2022\/05\/Crampeze_Web-Icons_-04.png\" alt=\"card image or icon\" width=\"171\" height=\"155\"\/><\/div><div class=\"content-grid\"><h3 class=\"title-item\">QUEL EST LE GROUPE D\u2019\u00c2GE APPROPRI\u00c9 POUR CONSOMMER UNE DOSE ADULTE?<\/h3><div class=\"desc-item\">Nous recommandons 18 ans et plus.<\/div><\/div><\/div>\n\n\n\n<div class=\"wp-block-mmd-card mmd-col-custom mmd-item-grid\"><div class=\"media-grid\"><img decoding=\"async\" src=\"https:\/\/crampeze.ca\/wp-content\/uploads\/2022\/05\/Crampeze_Web-Icons_-05.png\" alt=\"card image or icon\" width=\"171\" height=\"155\"\/><\/div><div class=\"content-grid\"><h3 class=\"title-item\">QUEL EST LE R\u00d4LE DU MAGN\u00c9SIUM?<\/h3><div class=\"desc-item\">Le magn\u00e9sium est un suppl\u00e9ment riche dont le corps humain a besoin pour fonctionner quotidiennement.<\/div><\/div><\/div>\n<\/div><a class=\"btn-custom btn-grid-block\" target=\"_self\" rel=\"noopener\" href=\"https:\/\/crampeze.ca\/fr-ca\/foire-aux-questions\/\" aria-label=\"Link to more details about &quot;Foire aux questions&quot;\"><span aria-hidden=\"true\">Lire la suite<\/span><span class=\"screen-reader-text\">Read more about Foire aux questions<\/span><\/a><\/div><\/section>\n","protected":false},"excerpt":{"rendered":"","protected":false},"author":1,"featured_media":0,"parent":0,"menu_order":3,"comment_status":"closed","ping_status":"closed","template":"","meta":{"_acf_changed":false,"_seopress_robots_primary_cat":"","_seopress_titles_title":"Traitement crampes aux jambes | Crampeze","_seopress_titles_desc":"Choisissez Crampeze plut\u00f4t que le magn\u00e9sium seul pour un soulagement efficace des crampes. D\u00e9couvrez nos ingr\u00e9dients uniques.","_seopress_robots_index":"","footnotes":""},"class_list":["post-3316","page","type-page","status-publish"],"acf":[],"_links":{"self":[{"href":"https:\/\/crampeze.ca\/fr-ca\/wp-json\/wp\/v2\/pages\/3316","targetHints":{"allow":["GET"]}}],"collection":[{"href":"https:\/\/crampeze.ca\/fr-ca\/wp-json\/wp\/v2\/pages"}],"about":[{"href":"https:\/\/crampeze.ca\/fr-ca\/wp-json\/wp\/v2\/types\/page"}],"author":[{"embeddable":true,"href":"https:\/\/crampeze.ca\/fr-ca\/wp-json\/wp\/v2\/users\/1"}],"replies":[{"embeddable":true,"href":"https:\/\/crampeze.ca\/fr-ca\/wp-json\/wp\/v2\/comments?post=3316"}],"version-history":[{"count":83,"href":"https:\/\/crampeze.ca\/fr-ca\/wp-json\/wp\/v2\/pages\/3316\/revisions"}],"predecessor-version":[{"id":11002,"href":"https:\/\/crampeze.ca\/fr-ca\/wp-json\/wp\/v2\/pages\/3316\/revisions\/11002"}],"wp:attachment":[{"href":"https:\/\/crampeze.ca\/fr-ca\/wp-json\/wp\/v2\/media?parent=3316"}],"curies":[{"name":"wp","href":"https:\/\/api.w.org\/{rel}","templated":true}]}}